{"id":12,"date":"2015-01-25T09:47:14","date_gmt":"2015-01-25T09:47:14","guid":{"rendered":"https:\/\/haarstudio-maerz.de\/?page_id=12"},"modified":"2018-08-18T12:45:19","modified_gmt":"2018-08-18T12:45:19","slug":"philosophie","status":"publish","type":"page","link":"https:\/\/haarstudio-maerz.de\/?page_id=12","title":{"rendered":"\u00dcber uns"},"content":{"rendered":"<h3><strong><span style=\"color: #800000;\">Philosophie<\/span><\/strong><\/h3>\n<p>Das Ziel des Teams vom Haarstudio M\u00e4rz ist es, den Kunden in angenehmer Atmosph\u00e4re zu verw\u00f6hnen und versch\u00f6nern.\u00a0Pers\u00f6nliche Beratung und Kundenbetreuung werden gro\u00df geschrieben.<\/p>\n<p>Egal zu welchem Haartyp Sie geh\u00f6ren oder welche &#8222;haarigen&#8220; Probleme Sie haben &#8211;<br \/>\ndas Haarstudio M\u00e4rz wei\u00df immer Rat.<\/p>\n<p>Durch die Teilnahme an zahlreichen Weiterbildungs-Seminaren wird das theoretische Fachwissen und handwerkliches K\u00f6nnen der Mitarbeiter nicht nur vertieft, sondern auch immer auf dem neuesten Stand gehalten.<\/p>\n<p>Modisch, freche Frisuren, mit witzig, bunten T\u00f6nungen und Str\u00e4hnen geh\u00f6ren zum Angebot unserer <a title=\"Salons\" href=\"https:\/\/haarstudio-maerz.de\/?page_id=16\"><strong>Salons<\/strong><\/a>.<br \/>\nEbenso zu besonderen Anl\u00e4ssen werden Sie fachgerecht beraten und frisiert.<br \/>\nGro\u00dfen Wert legen wir auch auf den Herrenbereich, deshalb gehen wir auf die Vorlieben und Bed\u00fcrfnisse der m\u00e4nnlichen Kunden besonders ein.<\/p>\n<p>Etwas Besonderes will jeder. Die Aufgabe unseres Teams ist es, Sch\u00f6nheit zu verkaufen, deshalb macht das Haarstudio M\u00e4rz das Normale&#8230; auf ungew\u00f6hnliche Weise.<\/p>\n<p>Das Team w\u00fcrde sich freuen, Sie als Kunden in einer unserer <strong><a href=\"https:\/\/haarstudio-maerz.de\/?page_id=16\">Salons<\/a><\/strong> begr\u00fc\u00dfen zu d\u00fcrfen.<\/p>\n<p>Wir freuen uns auf Ihren Besuch!<\/p>\n<p><strong>&#8230;WEIL SCH\u00d6NES HAAR KEIN ZUFALL IST\u00a0\u2026<\/strong><\/p>\n","protected":false},"excerpt":{"rendered":"<p>Philosophie Das Ziel des Teams vom Haarstudio M\u00e4rz ist es, den Kunden in angenehmer Atmosph\u00e4re zu verw\u00f6hnen und versch\u00f6nern.\u00a0Pers\u00f6nliche Beratung und Kundenbetreuung werden gro\u00df geschrieben. Egal zu welchem Haartyp Sie geh\u00f6ren oder welche &#8222;haarigen&#8220; Probleme Sie haben &#8211; das Haarstudio M\u00e4rz wei\u00df immer Rat. Durch die Teilnahme an zahlreichen Weiterbildungs-Seminaren wird das theoretische Fachwissen und [&hellip;]<\/p>\n","protected":false},"author":1,"featured_media":0,"parent":0,"menu_order":0,"comment_status":"closed","ping_status":"closed","template":"","meta":[],"_links":{"self":[{"href":"https:\/\/haarstudio-maerz.de\/index.php?rest_route=\/wp\/v2\/pages\/12"}],"collection":[{"href":"https:\/\/haarstudio-maerz.de\/index.php?rest_route=\/wp\/v2\/pages"}],"about":[{"href":"https:\/\/haarstudio-maerz.de\/index.php?rest_route=\/wp\/v2\/types\/page"}],"author":[{"embeddable":true,"href":"https:\/\/haarstudio-maerz.de\/index.php?rest_route=\/wp\/v2\/users\/1"}],"replies":[{"embeddable":true,"href":"https:\/\/haarstudio-maerz.de\/index.php?rest_route=%2Fwp%2Fv2%2Fcomments&post=12"}],"version-history":[{"count":1,"href":"https:\/\/haarstudio-maerz.de\/index.php?rest_route=\/wp\/v2\/pages\/12\/revisions"}],"predecessor-version":[{"id":421,"href":"https:\/\/haarstudio-maerz.de\/index.php?rest_route=\/wp\/v2\/pages\/12\/revisions\/421"}],"wp:attachment":[{"href":"https:\/\/haarstudio-maerz.de\/index.php?rest_route=%2Fwp%2Fv2%2Fmedia&parent=12"}],"curies":[{"name":"wp","href":"https:\/\/api.w.org\/{rel}","templated":true}]}}