{"id":14,"date":"2015-01-25T09:52:01","date_gmt":"2015-01-25T09:52:01","guid":{"rendered":"https:\/\/haarstudio-maerz.de\/?page_id=14"},"modified":"2018-08-18T12:40:07","modified_gmt":"2018-08-18T12:40:07","slug":"leistungen","status":"publish","type":"page","link":"https:\/\/haarstudio-maerz.de\/?page_id=14","title":{"rendered":"Leistungen"},"content":{"rendered":"<p><a href=\"https:\/\/haarstudio-maerz.de\/wp-content\/uploads\/2018\/07\/Color-Glow-300x129.jpg\"><img loading=\"lazy\" class=\"  wp-image-45 alignnone\" src=\"https:\/\/haarstudio-maerz.de\/wp-content\/uploads\/2018\/07\/Color-Glow-300x129.jpg\" alt=\"Color-Glow-300x129\" width=\"389\" height=\"140\" \/><\/p>\n<p><\/a>Unser geschultes <strong><a title=\"Salons\" href=\"https:\/\/haarstudio-maerz.de\/?page_id=16\">Team<\/a><\/strong> freut sich auf eine Frisurenanalyse und -beratung.<\/p>\n<p>Egal ob <strong><a title=\"Damen\" href=\"https:\/\/haarstudio-maerz.de\/?page_id=24\">Damen<\/a><\/strong>, <strong><a title=\"Herren\" href=\"https:\/\/haarstudio-maerz.de\/?page_id=26\">Herren<\/a><\/strong> oder <strong><a title=\"Kinder\" href=\"https:\/\/haarstudio-maerz.de\/?page_id=28\">Kinder<\/a><\/strong> wir helfen Ihnen gerne bei der \u00a0Styling- und\u00a0Farbbestimmung,\u00a0das ist f\u00fcr uns selbstverst\u00e4ndlich.<\/p>\n<p>Dar\u00fcber hinaus bieten wir:<br \/>\nProbestecken der <strong><a title=\"Brautmode\" href=\"https:\/\/haarstudio-maerz.de\/?page_id=96\">Brautfrisur<\/a><\/strong> und Beratung des Make-Ups unter<br \/>\nEinbeziehung des\u00a0Brautkleides und des Haarschmucks.<\/p>\n<p>Wir machen das Unm\u00f6gliche m\u00f6glich&#8230;<\/p>\n<p>&#8230;weil sch\u00f6nes Haar kein Zufall ist&#8230;<\/p>\n","protected":false},"excerpt":{"rendered":"<p>Unser geschultes Team freut sich auf eine Frisurenanalyse und -beratung. Egal ob Damen, Herren oder Kinder wir helfen Ihnen gerne bei der \u00a0Styling- und\u00a0Farbbestimmung,\u00a0das ist f\u00fcr uns selbstverst\u00e4ndlich. Dar\u00fcber hinaus bieten wir: Probestecken der Brautfrisur und Beratung des Make-Ups unter Einbeziehung des\u00a0Brautkleides und des Haarschmucks. Wir machen das Unm\u00f6gliche m\u00f6glich&#8230; &#8230;weil sch\u00f6nes Haar kein Zufall [&hellip;]<\/p>\n","protected":false},"author":1,"featured_media":0,"parent":0,"menu_order":0,"comment_status":"closed","ping_status":"closed","template":"","meta":[],"_links":{"self":[{"href":"https:\/\/haarstudio-maerz.de\/index.php?rest_route=\/wp\/v2\/pages\/14"}],"collection":[{"href":"https:\/\/haarstudio-maerz.de\/index.php?rest_route=\/wp\/v2\/pages"}],"about":[{"href":"https:\/\/haarstudio-maerz.de\/index.php?rest_route=\/wp\/v2\/types\/page"}],"author":[{"embeddable":true,"href":"https:\/\/haarstudio-maerz.de\/index.php?rest_route=\/wp\/v2\/users\/1"}],"replies":[{"embeddable":true,"href":"https:\/\/haarstudio-maerz.de\/index.php?rest_route=%2Fwp%2Fv2%2Fcomments&post=14"}],"version-history":[{"count":2,"href":"https:\/\/haarstudio-maerz.de\/index.php?rest_route=\/wp\/v2\/pages\/14\/revisions"}],"predecessor-version":[{"id":444,"href":"https:\/\/haarstudio-maerz.de\/index.php?rest_route=\/wp\/v2\/pages\/14\/revisions\/444"}],"wp:attachment":[{"href":"https:\/\/haarstudio-maerz.de\/index.php?rest_route=%2Fwp%2Fv2%2Fmedia&parent=14"}],"curies":[{"name":"wp","href":"https:\/\/api.w.org\/{rel}","templated":true}]}}