{"id":16,"date":"2015-01-25T09:58:54","date_gmt":"2015-01-25T09:58:54","guid":{"rendered":"https:\/\/haarstudio-maerz.de\/?page_id=16"},"modified":"2023-06-16T11:40:31","modified_gmt":"2023-06-16T09:40:31","slug":"salons","status":"publish","type":"page","link":"https:\/\/haarstudio-maerz.de\/?page_id=16","title":{"rendered":"Salons"},"content":{"rendered":"\n<p><\/p>\n\n\n\n<p><\/p>\n\n\n\n<p>Haarstudio M\u00e4rz&nbsp; &nbsp; &nbsp; &nbsp; &nbsp; &nbsp; &nbsp; Haarstudio M\u00e4rz&nbsp; &nbsp; &nbsp; &nbsp; &nbsp; &nbsp; &nbsp; &nbsp; &nbsp; &nbsp; &nbsp; &nbsp;Haarstudio M\u00e4rz<br>Niederhoferstr. 29&nbsp; &nbsp; &nbsp; &nbsp; &nbsp; &nbsp; Prosselsheimer Str. 23&nbsp; &nbsp; &nbsp; &nbsp; &nbsp; &nbsp; &nbsp;St. Mauritius-Str. 21 a<br>97222 Rimpar&nbsp; &nbsp; &nbsp; &nbsp; &nbsp; &nbsp; &nbsp; &nbsp;   &nbsp; 97273 K\u00fcrnach&nbsp; &nbsp; &nbsp; &nbsp; &nbsp; &nbsp; &nbsp; &nbsp; &nbsp; &nbsp; &nbsp; &nbsp; &nbsp;97230 Estenfeld<br>Tel.: 09365\/9253&nbsp; &nbsp; &nbsp; &nbsp; &nbsp; &nbsp; &nbsp;    Tel.: 09367\/9880500&nbsp; &nbsp; &nbsp; &nbsp; &nbsp; &nbsp; &nbsp; &nbsp; &nbsp;Tel.: 09305\/99134<\/p>\n\n\n\n<p>haarstudiomaerz@aol.com<\/p>\n","protected":false},"excerpt":{"rendered":"<p>Haarstudio M\u00e4rz&nbsp; &nbsp; &nbsp; &nbsp; &nbsp; &nbsp; &nbsp; Haarstudio M\u00e4rz&nbsp; &nbsp; &nbsp; &nbsp; &nbsp; &nbsp; &nbsp; &nbsp; &nbsp; &nbsp; &nbsp; &nbsp;Haarstudio M\u00e4rzNiederhoferstr. 29&nbsp; &nbsp; &nbsp; &nbsp; &nbsp; &nbsp; Prosselsheimer Str. 23&nbsp; &nbsp; &nbsp; &nbsp; &nbsp; &nbsp; &nbsp;St. Mauritius-Str. 21 a97222 Rimpar&nbsp; &nbsp; &nbsp; &nbsp; &nbsp; &nbsp; &nbsp; &nbsp; &nbsp; 97273 K\u00fcrnach&nbsp; &nbsp; &nbsp; &nbsp; &nbsp; [&hellip;]<\/p>\n","protected":false},"author":1,"featured_media":0,"parent":0,"menu_order":0,"comment_status":"closed","ping_status":"closed","template":"location_template.php","meta":[],"_links":{"self":[{"href":"https:\/\/haarstudio-maerz.de\/index.php?rest_route=\/wp\/v2\/pages\/16"}],"collection":[{"href":"https:\/\/haarstudio-maerz.de\/index.php?rest_route=\/wp\/v2\/pages"}],"about":[{"href":"https:\/\/haarstudio-maerz.de\/index.php?rest_route=\/wp\/v2\/types\/page"}],"author":[{"embeddable":true,"href":"https:\/\/haarstudio-maerz.de\/index.php?rest_route=\/wp\/v2\/users\/1"}],"replies":[{"embeddable":true,"href":"https:\/\/haarstudio-maerz.de\/index.php?rest_route=%2Fwp%2Fv2%2Fcomments&post=16"}],"version-history":[{"count":18,"href":"https:\/\/haarstudio-maerz.de\/index.php?rest_route=\/wp\/v2\/pages\/16\/revisions"}],"predecessor-version":[{"id":731,"href":"https:\/\/haarstudio-maerz.de\/index.php?rest_route=\/wp\/v2\/pages\/16\/revisions\/731"}],"wp:attachment":[{"href":"https:\/\/haarstudio-maerz.de\/index.php?rest_route=%2Fwp%2Fv2%2Fmedia&parent=16"}],"curies":[{"name":"wp","href":"https:\/\/api.w.org\/{rel}","templated":true}]}}