{"id":24,"date":"2015-01-25T09:53:28","date_gmt":"2015-01-25T09:53:28","guid":{"rendered":"https:\/\/haarstudio-maerz.de\/?page_id=24"},"modified":"2018-08-18T12:52:26","modified_gmt":"2018-08-18T12:52:26","slug":"damen","status":"publish","type":"page","link":"https:\/\/haarstudio-maerz.de\/?page_id=24","title":{"rendered":"Damen"},"content":{"rendered":"<div style=\"box-sizing: content box; width: 40%; float: left;\">\n<h3><span style=\"color: #512f11;\"><strong>Damen<\/strong><\/span><\/h3>\n<p>Trockenhaarschnitt<br \/>\nWaschen, Schneiden, F\u00f6nen<br \/>\nStyling<\/p>\n<p>T\u00f6nung<br \/>\nFarbe<br \/>\nStr\u00e4hnen<\/p>\n<p>Dauerwelle<br \/>\nVolumenwelle<\/p>\n<p>Haarpflege<br \/>\nHaut- und Haaranalyse<br \/>\nKopfhautmassage<br \/>\nLaserbehandlung<\/p>\n<p>Wimpern f\u00e4rben<br \/>\nAugenbrauen f\u00e4rben<br \/>\nAugenbrauen zupfen<br \/>\nAugenbrauen rasieren<\/p>\n<p>Hochsteckfrisur<br \/>\nFlechtfrisur<br \/>\nHaargl\u00e4ttung<br \/>\nSchminken<\/p>\n<p>Preise auf Anfrage im <strong><a title=\"Salons\" href=\"https:\/\/haarstudio-maerz.de\/?page_id=16\">Salon<\/a><\/strong><\/p>\n<\/div>\n<div style=\"box-sizing: content box; width: 50%; float: left;\">\n\n\t\t<style type=\"text\/css\">\n\t\t\t#gallery-1 {\n\t\t\t\tmargin: auto;\n\t\t\t}\n\t\t\t#gallery-1 .gallery-item {\n\t\t\t\tfloat: left;\n\t\t\t\tmargin-top: 10px;\n\t\t\t\ttext-align: center;\n\t\t\t\twidth: 100%;\n\t\t\t}\n\t\t\t#gallery-1 img {\n\t\t\t\tborder: 2px solid #cfcfcf;\n\t\t\t}\n\t\t\t#gallery-1 .gallery-caption {\n\t\t\t\tmargin-left: 0;\n\t\t\t}\n\t\t\t\/* see gallery_shortcode() in wp-includes\/media.php *\/\n\t\t<\/style>\n\t\t<div id='gallery-1' class='gallery galleryid-24 gallery-columns-1 gallery-size-thumbnail'><dl class='gallery-item'>\n\t\t\t<dt class='gallery-icon landscape'>\n\t\t\t\t<a href='https:\/\/haarstudio-maerz.de\/?attachment_id=481'><img width=\"150\" height=\"150\" src=\"https:\/\/haarstudio-maerz.de\/wp-content\/uploads\/2018\/08\/ghd-Milou-1_Rechte-bis-01.06.2014-300x224-150x150.jpg\" class=\"attachment-thumbnail size-thumbnail\" alt=\"\" loading=\"lazy\" \/><\/a>\n\t\t\t<\/dt><\/dl><br style=\"clear: both\" \/><dl class='gallery-item'>\n\t\t\t<dt class='gallery-icon landscape'>\n\t\t\t\t<a href='https:\/\/haarstudio-maerz.de\/?attachment_id=483'><img width=\"150\" height=\"150\" src=\"https:\/\/haarstudio-maerz.de\/wp-content\/uploads\/2018\/08\/ghd-Milou-3_REchte-bis-01.06.2014-300x224-150x150.jpg\" class=\"attachment-thumbnail size-thumbnail\" alt=\"\" loading=\"lazy\" \/><\/a>\n\t\t\t<\/dt><\/dl><br style=\"clear: both\" \/><dl class='gallery-item'>\n\t\t\t<dt class='gallery-icon landscape'>\n\t\t\t\t<a href='https:\/\/haarstudio-maerz.de\/?attachment_id=485'><img width=\"150\" height=\"150\" src=\"https:\/\/haarstudio-maerz.de\/wp-content\/uploads\/2018\/08\/ghd-Milou-5_Rechte-bis-01.06.2014-150x150.jpg\" class=\"attachment-thumbnail size-thumbnail\" alt=\"\" loading=\"lazy\" \/><\/a>\n\t\t\t<\/dt><\/dl><br style=\"clear: both\" \/>\n\t\t<\/div>\n\n<\/div>\n","protected":false},"excerpt":{"rendered":"<p>Damen Trockenhaarschnitt Waschen, Schneiden, F\u00f6nen Styling T\u00f6nung Farbe Str\u00e4hnen Dauerwelle Volumenwelle Haarpflege Haut- und Haaranalyse Kopfhautmassage Laserbehandlung Wimpern f\u00e4rben Augenbrauen f\u00e4rben Augenbrauen zupfen Augenbrauen rasieren Hochsteckfrisur Flechtfrisur Haargl\u00e4ttung Schminken Preise auf Anfrage im Salon<\/p>\n","protected":false},"author":1,"featured_media":0,"parent":0,"menu_order":0,"comment_status":"closed","ping_status":"closed","template":"","meta":[],"_links":{"self":[{"href":"https:\/\/haarstudio-maerz.de\/index.php?rest_route=\/wp\/v2\/pages\/24"}],"collection":[{"href":"https:\/\/haarstudio-maerz.de\/index.php?rest_route=\/wp\/v2\/pages"}],"about":[{"href":"https:\/\/haarstudio-maerz.de\/index.php?rest_route=\/wp\/v2\/types\/page"}],"author":[{"embeddable":true,"href":"https:\/\/haarstudio-maerz.de\/index.php?rest_route=\/wp\/v2\/users\/1"}],"replies":[{"embeddable":true,"href":"https:\/\/haarstudio-maerz.de\/index.php?rest_route=%2Fwp%2Fv2%2Fcomments&post=24"}],"version-history":[{"count":4,"href":"https:\/\/haarstudio-maerz.de\/index.php?rest_route=\/wp\/v2\/pages\/24\/revisions"}],"predecessor-version":[{"id":486,"href":"https:\/\/haarstudio-maerz.de\/index.php?rest_route=\/wp\/v2\/pages\/24\/revisions\/486"}],"wp:attachment":[{"href":"https:\/\/haarstudio-maerz.de\/index.php?rest_route=%2Fwp%2Fv2%2Fmedia&parent=24"}],"curies":[{"name":"wp","href":"https:\/\/api.w.org\/{rel}","templated":true}]}}