{"id":26,"date":"2015-01-25T09:54:17","date_gmt":"2015-01-25T09:54:17","guid":{"rendered":"https:\/\/haarstudio-maerz.de\/?page_id=26"},"modified":"2018-08-18T12:47:21","modified_gmt":"2018-08-18T12:47:21","slug":"herren","status":"publish","type":"page","link":"https:\/\/haarstudio-maerz.de\/?page_id=26","title":{"rendered":"Herren"},"content":{"rendered":"<div style=\"box-sizing: content box; width: 50%; float: left;\">\n<h3><span style=\"color: #800000;\"><strong>Herren<\/strong><\/span><\/h3>\n<p>Trockenhaarschnitt<br \/>\nWaschen, Schneiden, F\u00f6nen<br \/>\nStyling<\/p>\n<p>T\u00f6nung<br \/>\nFarbe<br \/>\nStr\u00e4hnen<\/p>\n<p>Haut- und Haaranalyse<br \/>\nKopfhautmassage<br \/>\nLaserbehandlung<\/p>\n<p>Augenbrauen zupfen\/rasieren<br \/>\nBartpflege<br \/>\nkalte\/warme Kompressen<\/p>\n<p>Preise auf Anfrage im <strong><a href=\"https:\/\/haarstudio-maerz.de\/?page_id=16\">Salon<\/a><\/strong><\/p>\n<\/div>\n<p><img loading=\"lazy\" class=\"alignnone size-medium wp-image-478\" src=\"https:\/\/haarstudio-maerz.de\/wp-content\/uploads\/2018\/08\/AC_Archiv-Models-independent-2014_The-Independent_James_Finish-2_B_EXPIRES_NOVEMBER-2015-e1414436565775-183x300-183x300.jpg\" alt=\"\" width=\"183\" height=\"300\" \/><\/p>\n<p>&nbsp;<\/p>\n","protected":false},"excerpt":{"rendered":"<p>Herren Trockenhaarschnitt Waschen, Schneiden, F\u00f6nen Styling T\u00f6nung Farbe Str\u00e4hnen Haut- und Haaranalyse Kopfhautmassage Laserbehandlung Augenbrauen zupfen\/rasieren Bartpflege kalte\/warme Kompressen Preise auf Anfrage im Salon &nbsp;<\/p>\n","protected":false},"author":1,"featured_media":0,"parent":0,"menu_order":0,"comment_status":"closed","ping_status":"closed","template":"","meta":[],"_links":{"self":[{"href":"https:\/\/haarstudio-maerz.de\/index.php?rest_route=\/wp\/v2\/pages\/26"}],"collection":[{"href":"https:\/\/haarstudio-maerz.de\/index.php?rest_route=\/wp\/v2\/pages"}],"about":[{"href":"https:\/\/haarstudio-maerz.de\/index.php?rest_route=\/wp\/v2\/types\/page"}],"author":[{"embeddable":true,"href":"https:\/\/haarstudio-maerz.de\/index.php?rest_route=\/wp\/v2\/users\/1"}],"replies":[{"embeddable":true,"href":"https:\/\/haarstudio-maerz.de\/index.php?rest_route=%2Fwp%2Fv2%2Fcomments&post=26"}],"version-history":[{"count":3,"href":"https:\/\/haarstudio-maerz.de\/index.php?rest_route=\/wp\/v2\/pages\/26\/revisions"}],"predecessor-version":[{"id":480,"href":"https:\/\/haarstudio-maerz.de\/index.php?rest_route=\/wp\/v2\/pages\/26\/revisions\/480"}],"wp:attachment":[{"href":"https:\/\/haarstudio-maerz.de\/index.php?rest_route=%2Fwp%2Fv2%2Fmedia&parent=26"}],"curies":[{"name":"wp","href":"https:\/\/api.w.org\/{rel}","templated":true}]}}