{"id":28,"date":"2015-01-25T09:54:49","date_gmt":"2015-01-25T09:54:49","guid":{"rendered":"https:\/\/haarstudio-maerz.de\/?page_id=28"},"modified":"2018-11-19T14:44:44","modified_gmt":"2018-11-19T14:44:44","slug":"kinderfrisur","status":"publish","type":"page","link":"https:\/\/haarstudio-maerz.de\/?page_id=28","title":{"rendered":"Kinder"},"content":{"rendered":"<h3 style=\"text-align: left;\"><span style=\"color: #800000;\"><strong>Kinder (bis 14 Jahre)\u00a0 \u00a0 \u00a0 \u00a0 \u00a0 \u00a0 \u00a0 \u00a0 \u00a0 \u00a0 \u00a0 \u00a0 \u00a0 \u00a0 \u00a0 \u00a0 \u00a0 \u00a0 \u00a0 \u00a0\u00a0<\/strong><\/span><\/h3>\n<div style=\"box-sizing: content box; width: 50%; float: left;\">\n<p>Trockenhaarschnitt<br \/>\nWaschen, Schneiden, F\u00f6nen<br \/>\nStyling<\/p>\n<p>Str\u00e4hnen mit auswaschbarer Farbe<\/p>\n<p>Hochsteckfrisur<br \/>\nFlechtfrisur<\/p>\n<p><strong>Mit Einwilligung der Eltern<\/strong><\/p>\n<p>T\u00f6nung<br \/>\nFarbe<br \/>\nStr\u00e4hnen<\/p>\n<p>Preise auf Anfrage im <strong><a href=\"https:\/\/haarstudio-maerz.de\/?page_id=16\">Salon<\/a><\/strong><\/p>\n<\/div>\n<div style=\"box-sizing: content box; width: 50%; float: left;\">\n<p>&nbsp;<\/p>\n<\/div>\n","protected":false},"excerpt":{"rendered":"<p>Kinder (bis 14 Jahre)\u00a0 \u00a0 \u00a0 \u00a0 \u00a0 \u00a0 \u00a0 \u00a0 \u00a0 \u00a0 \u00a0 \u00a0 \u00a0 \u00a0 \u00a0 \u00a0 \u00a0 \u00a0 \u00a0 \u00a0\u00a0 Trockenhaarschnitt Waschen, Schneiden, F\u00f6nen Styling Str\u00e4hnen mit auswaschbarer Farbe Hochsteckfrisur Flechtfrisur Mit Einwilligung der Eltern T\u00f6nung Farbe Str\u00e4hnen Preise auf Anfrage im Salon &nbsp;<\/p>\n","protected":false},"author":1,"featured_media":0,"parent":0,"menu_order":0,"comment_status":"closed","ping_status":"closed","template":"","meta":[],"_links":{"self":[{"href":"https:\/\/haarstudio-maerz.de\/index.php?rest_route=\/wp\/v2\/pages\/28"}],"collection":[{"href":"https:\/\/haarstudio-maerz.de\/index.php?rest_route=\/wp\/v2\/pages"}],"about":[{"href":"https:\/\/haarstudio-maerz.de\/index.php?rest_route=\/wp\/v2\/types\/page"}],"author":[{"embeddable":true,"href":"https:\/\/haarstudio-maerz.de\/index.php?rest_route=\/wp\/v2\/users\/1"}],"replies":[{"embeddable":true,"href":"https:\/\/haarstudio-maerz.de\/index.php?rest_route=%2Fwp%2Fv2%2Fcomments&post=28"}],"version-history":[{"count":5,"href":"https:\/\/haarstudio-maerz.de\/index.php?rest_route=\/wp\/v2\/pages\/28\/revisions"}],"predecessor-version":[{"id":528,"href":"https:\/\/haarstudio-maerz.de\/index.php?rest_route=\/wp\/v2\/pages\/28\/revisions\/528"}],"wp:attachment":[{"href":"https:\/\/haarstudio-maerz.de\/index.php?rest_route=%2Fwp%2Fv2%2Fmedia&parent=28"}],"curies":[{"name":"wp","href":"https:\/\/api.w.org\/{rel}","templated":true}]}}