{"id":96,"date":"2015-01-25T09:59:41","date_gmt":"2015-01-25T09:59:41","guid":{"rendered":"https:\/\/haarstudio-maerz.de\/?page_id=96"},"modified":"2018-08-18T12:39:25","modified_gmt":"2018-08-18T12:39:25","slug":"brautmode","status":"publish","type":"page","link":"https:\/\/haarstudio-maerz.de\/?page_id=96","title":{"rendered":"Brautmode"},"content":{"rendered":"<h3><span style=\"color: #800000;\"><strong>Der sch\u00f6nste Tag im Leben r\u00fcckt nun immer n\u00e4her!!!<\/strong><\/span><\/h3>\n<p>&nbsp;<\/p>\n<p>Haben Sie sich schon Gedanken \u00fcber die Frisur f\u00fcr Ihre Hochzeit gemacht?<\/p>\n<p>Mit einem atemberaubenden Styling und einem perfekten Make-up m\u00f6chten wir einen kleinen Teil<br \/>\nzu Ihrem sch\u00f6nsten Tag im Leben beitragen.<\/p>\n<p>Durch unsere langj\u00e4hrige Erfahrung haben wir unz\u00e4hlige Fotovorlagen und Hochzeitsfrisur-<br \/>\nZeitschriften als Anregung f\u00fcr Ihre Traumfrisur.\u00a0Unser geschultes Fachpersonal ber\u00e4t sie gerne.<\/p>\n<p>Ca. 6 Wochen vor der Hochzeit erarbeiten wir mit Ihnen ein typgerechtes Make-up und die passende<br \/>\nFrisur zu Ihrem Traumkleid.<\/p>\n<p>Warten Sie nicht zu lange, um sich Ihren Wunschtermin zu sichern!<br \/>\nRufen Sie uns in einem unserer Salons einfach an.<\/p>\n<p>Wir freuen uns auf Sie!<\/p>\n","protected":false},"excerpt":{"rendered":"<p>Der sch\u00f6nste Tag im Leben r\u00fcckt nun immer n\u00e4her!!! &nbsp; Haben Sie sich schon Gedanken \u00fcber die Frisur f\u00fcr Ihre Hochzeit gemacht? Mit einem atemberaubenden Styling und einem perfekten Make-up m\u00f6chten wir einen kleinen Teil zu Ihrem sch\u00f6nsten Tag im Leben beitragen. Durch unsere langj\u00e4hrige Erfahrung haben wir unz\u00e4hlige Fotovorlagen und Hochzeitsfrisur- Zeitschriften als Anregung [&hellip;]<\/p>\n","protected":false},"author":1,"featured_media":0,"parent":0,"menu_order":0,"comment_status":"closed","ping_status":"closed","template":"","meta":[],"_links":{"self":[{"href":"https:\/\/haarstudio-maerz.de\/index.php?rest_route=\/wp\/v2\/pages\/96"}],"collection":[{"href":"https:\/\/haarstudio-maerz.de\/index.php?rest_route=\/wp\/v2\/pages"}],"about":[{"href":"https:\/\/haarstudio-maerz.de\/index.php?rest_route=\/wp\/v2\/types\/page"}],"author":[{"embeddable":true,"href":"https:\/\/haarstudio-maerz.de\/index.php?rest_route=\/wp\/v2\/users\/1"}],"replies":[{"embeddable":true,"href":"https:\/\/haarstudio-maerz.de\/index.php?rest_route=%2Fwp%2Fv2%2Fcomments&post=96"}],"version-history":[{"count":1,"href":"https:\/\/haarstudio-maerz.de\/index.php?rest_route=\/wp\/v2\/pages\/96\/revisions"}],"predecessor-version":[{"id":394,"href":"https:\/\/haarstudio-maerz.de\/index.php?rest_route=\/wp\/v2\/pages\/96\/revisions\/394"}],"wp:attachment":[{"href":"https:\/\/haarstudio-maerz.de\/index.php?rest_route=%2Fwp%2Fv2%2Fmedia&parent=96"}],"curies":[{"name":"wp","href":"https:\/\/api.w.org\/{rel}","templated":true}]}}