{"id":99,"date":"2015-01-25T10:00:07","date_gmt":"2015-01-25T10:00:07","guid":{"rendered":"https:\/\/haarstudio-maerz.de\/?page_id=99"},"modified":"2018-08-18T12:39:46","modified_gmt":"2018-08-18T12:39:46","slug":"jobs","status":"publish","type":"page","link":"https:\/\/haarstudio-maerz.de\/?page_id=99","title":{"rendered":"Jobs"},"content":{"rendered":"<h3><strong><span style=\"color: #800000;\">Friseur\/in<\/span><\/strong><\/h3>\n<p>In unseren modernen\u00a0Haarstudios\u00a0bieten wir <span style=\"color: #800000;\"><strong>eine\u00a0<\/strong><strong>Voll-\/Teilzeitstelle!<\/strong><\/span><\/p>\n<p>Teamf\u00e4higkeit, gute Umgangsformen und Zuverl\u00e4ssigkeit sowie ein gepflegtes Erscheinungsbild<br \/>\nsind f\u00fcr Sie selbstverst\u00e4ndlich?<\/p>\n<p>Dann\u00a0melden Sie sich telefonisch unter der Nr. 09365\/9253 (8.30 &#8211; 18.00 Uhr)<\/p>\n<p>Haarstudio M\u00e4rz<br \/>\nHerrn Sven M\u00e4rz<\/p>\n<p>oder auch per E-Mail an:<br \/>\nHaarstudioMaerz@aol.com<\/p>\n<p>Wir freuen uns auf Ihre Bewerbung!<\/p>\n","protected":false},"excerpt":{"rendered":"<p>Friseur\/in In unseren modernen\u00a0Haarstudios\u00a0bieten wir eine\u00a0Voll-\/Teilzeitstelle! Teamf\u00e4higkeit, gute Umgangsformen und Zuverl\u00e4ssigkeit sowie ein gepflegtes Erscheinungsbild sind f\u00fcr Sie selbstverst\u00e4ndlich? Dann\u00a0melden Sie sich telefonisch unter der Nr. 09365\/9253 (8.30 &#8211; 18.00 Uhr) Haarstudio M\u00e4rz Herrn Sven M\u00e4rz oder auch per E-Mail an: HaarstudioMaerz@aol.com Wir freuen uns auf Ihre Bewerbung!<\/p>\n","protected":false},"author":1,"featured_media":0,"parent":0,"menu_order":0,"comment_status":"closed","ping_status":"closed","template":"","meta":[],"_links":{"self":[{"href":"https:\/\/haarstudio-maerz.de\/index.php?rest_route=\/wp\/v2\/pages\/99"}],"collection":[{"href":"https:\/\/haarstudio-maerz.de\/index.php?rest_route=\/wp\/v2\/pages"}],"about":[{"href":"https:\/\/haarstudio-maerz.de\/index.php?rest_route=\/wp\/v2\/types\/page"}],"author":[{"embeddable":true,"href":"https:\/\/haarstudio-maerz.de\/index.php?rest_route=\/wp\/v2\/users\/1"}],"replies":[{"embeddable":true,"href":"https:\/\/haarstudio-maerz.de\/index.php?rest_route=%2Fwp%2Fv2%2Fcomments&post=99"}],"version-history":[{"count":1,"href":"https:\/\/haarstudio-maerz.de\/index.php?rest_route=\/wp\/v2\/pages\/99\/revisions"}],"predecessor-version":[{"id":398,"href":"https:\/\/haarstudio-maerz.de\/index.php?rest_route=\/wp\/v2\/pages\/99\/revisions\/398"}],"wp:attachment":[{"href":"https:\/\/haarstudio-maerz.de\/index.php?rest_route=%2Fwp%2Fv2%2Fmedia&parent=99"}],"curies":[{"name":"wp","href":"https:\/\/api.w.org\/{rel}","templated":true}]}}